{"id":111,"date":"2019-04-07T13:06:43","date_gmt":"2019-04-07T13:06:43","guid":{"rendered":"https:\/\/opc-paisagem.pt\/observatory\/"},"modified":"2020-03-20T14:20:45","modified_gmt":"2020-03-20T14:20:45","slug":"observatory","status":"publish","type":"page","link":"https:\/\/opc-paisagem.pt\/en\/observatory\/","title":{"rendered":"Observatory"},"content":{"rendered":"<div id='av_section_1'  class='avia-section main_color avia-section-default avia-no-border-styling  avia-full-stretch avia-bg-style-scroll  avia-builder-el-0  el_before_av_section  avia-builder-el-first   av-minimum-height av-minimum-height-custom  container_wrap fullsize' style='background-repeat: no-repeat; background-image: url(https:\/\/opc-paisagem.pt\/wp-content\/uploads\/2018\/10\/a-sede-topo.jpg);background-attachment: scroll; background-position: center center;  '  data-section-bg-repeat='stretch'><div class='container' style='height:250px'><main  role=\"main\" itemprop=\"mainContentOfPage\"  class='template-page content  av-content-full alpha units'><div class='post-entry post-entry-type-page post-entry-111'><div class='entry-content-wrapper clearfix'>\n<div class=\"flex_column av_one_fifth  flex_column_div av-zero-column-padding first  avia-builder-el-1  el_before_av_three_fifth  avia-builder-el-first  \" style='border-radius:0px; '><\/div><div class=\"flex_column av_three_fifth  flex_column_div av-zero-column-padding   avia-builder-el-2  el_after_av_one_fifth  el_before_av_one_fifth  \" style='border-radius:0px; '><\/div><div class=\"flex_column av_one_fifth  flex_column_div av-zero-column-padding   avia-builder-el-3  el_after_av_three_fifth  avia-builder-el-last  \" style='border-radius:0px; '><\/div>\n\n<\/div><\/div><\/main><!-- close content main element --><\/div><\/div><div id='av_section_2'  class='avia-section main_color avia-section-default avia-no-border-styling  avia-bg-style-scroll  avia-builder-el-4  el_after_av_section  avia-builder-el-last   container_wrap fullsize' style=' '  ><div class='container' ><div class='template-page content  av-content-full alpha units'><div class='post-entry post-entry-type-page post-entry-111'><div class='entry-content-wrapper clearfix'>\n<div class=\"flex_column av_one_fifth  flex_column_div av-zero-column-padding first  avia-builder-el-5  el_before_av_three_fifth  avia-builder-el-first  \" style='border-radius:0px; '><\/div><div class=\"flex_column av_three_fifth  flex_column_div av-zero-column-padding   avia-builder-el-6  el_after_av_one_fifth  el_before_av_one_fifth  \" style='border-radius:0px; '><p><div  style='padding-bottom:10px; font-size:3vw;' class='av-special-heading av-special-heading-h3 meta-heading blockquote modern-quote  avia-builder-el-7  el_before_av_hr  avia-builder-el-first  av-inherit-size '><h3 class='av-special-heading-tag '  itemprop=\"headline\"  >Observatory<\/h3><div class='special-heading-border'><div class='special-heading-inner-border' ><\/div><\/div><\/div><br \/>\n<div  style='height:35px' class='hr hr-invisible   avia-builder-el-8  el_after_av_heading  el_before_av_textblock '><span class='hr-inner ' ><span class='hr-inner-style'><\/span><\/span><\/div><br \/>\n<section class=\"av_textblock_section \"  itemscope=\"itemscope\" itemtype=\"https:\/\/schema.org\/CreativeWork\" ><div class='avia_textblock  '   itemprop=\"text\" ><h4><strong>THE SITE<\/strong><\/h4>\n<p>Casal do Gavi\u00e3o is one of the \u201ccasais de lavoura\u201d (farmstead) distinctive of the Charneca Ribatejana. It is part of a agro-silvopastoral system based on FSC certified cork oak forest (\u2018montado de sobro\u2019) and an organic and extensive lamb production unit, linked to other farming activities, within the rural landscape of Charneca, characterized by stillness and a tranquil beauty.<\/p>\n<p>The farmstead is composed of buildings of traditional vernacular architecture, built during the 1st half of the twentieth century, with a residential core and buildings for several farming purposes such as barns, warehouses, silos, stables, etc.<\/p>\n<p>It is located 140 km from Lisbon, 50 km from Santar\u00e9m and 30 km from Chamusca.<\/p>\n<h4><strong>THE OBSERVAT\u00d3RIO DA CHARNECA<\/strong><\/h4>\n<p>This equipment is a building resulting from the rehabilitation of an old barn and farming warehouse, adapting it as a space for meetings and events of different kinds, being the headquarters of the Associa\u00e7\u00e3o Observat\u00f3rio da Paisagem da Charneca.<\/p>\n<p>The building has a multipurpose room, toilet, a kitchenette for catering service support, and storage room, totaling 180 square meters. The space outside uses the concept of the pre-existing threshing floor at the center of a \u201cjardim (garden) da charneca\u201d landscape frame based on native vegetation, and also integrating a horse arena.<\/p>\n<p>The architecture project is authored by Jo\u00e3o Nery Morais, the engineering project by Gabicrel, Consultores de Engenharia Lda., outdoor space by landscape architect Sofia Vaz Tainha and construction carried out by Cardador e Marques Lda.<\/p>\n<p>Project article on ArchDaily in <a href=\"https:\/\/www.archdaily.com.br\/br\/935422\/observatorio-da-paisagem-da-charneca-joao-morais\" target=\"_blank\" rel=\"noopener noreferrer\">Brazilian Portuguese<\/a> and <a href=\"https:\/\/www.archdaily.com\/935576\/landscape-observatory-of-charneca-joao-morais\" target=\"_blank\" rel=\"noopener noreferrer\">English<\/a>.<\/p>\n<h4><strong>ACTIVITIES TO DEVELOP<\/strong><\/h4>\n<ul>\n<li>Technical, scientific and cultural events<\/li>\n<li>Artistic residencies and visual arts exhibitions<\/li>\n<li>Science and arts workshops<\/li>\n<li>Workshops on local products<\/li>\n<li>Study visits<\/li>\n<li>Group visits \u2013 trails and thematic routes<\/li>\n<li>Hosting research projects linked to the study of local characteristics.<\/li>\n<li>Other artistic and recreational activities.<\/li>\n<\/ul>\n<\/div><\/section><\/p><\/div><div class=\"flex_column av_one_fifth  flex_column_div av-zero-column-padding   avia-builder-el-10  el_after_av_three_fifth  avia-builder-el-last  \" style='border-radius:0px; '><\/div>\n","protected":false},"excerpt":{"rendered":"","protected":false},"author":1,"featured_media":0,"parent":0,"menu_order":0,"comment_status":"closed","ping_status":"closed","template":"","meta":{"inline_featured_image":false,"footnotes":""},"class_list":["post-111","page","type-page","status-publish","hentry"],"_links":{"self":[{"href":"https:\/\/opc-paisagem.pt\/en\/wp-json\/wp\/v2\/pages\/111","targetHints":{"allow":["GET"]}}],"collection":[{"href":"https:\/\/opc-paisagem.pt\/en\/wp-json\/wp\/v2\/pages"}],"about":[{"href":"https:\/\/opc-paisagem.pt\/en\/wp-json\/wp\/v2\/types\/page"}],"author":[{"embeddable":true,"href":"https:\/\/opc-paisagem.pt\/en\/wp-json\/wp\/v2\/users\/1"}],"replies":[{"embeddable":true,"href":"https:\/\/opc-paisagem.pt\/en\/wp-json\/wp\/v2\/comments?post=111"}],"version-history":[{"count":2,"href":"https:\/\/opc-paisagem.pt\/en\/wp-json\/wp\/v2\/pages\/111\/revisions"}],"predecessor-version":[{"id":156,"href":"https:\/\/opc-paisagem.pt\/en\/wp-json\/wp\/v2\/pages\/111\/revisions\/156"}],"wp:attachment":[{"href":"https:\/\/opc-paisagem.pt\/en\/wp-json\/wp\/v2\/media?parent=111"}],"curies":[{"name":"wp","href":"https:\/\/api.w.org\/{rel}","templated":true}]}}