{"id":109,"date":"2019-04-07T13:03:48","date_gmt":"2019-04-07T13:03:48","guid":{"rendered":"https:\/\/opc-paisagem.pt\/dissemination\/"},"modified":"2019-04-07T13:03:48","modified_gmt":"2019-04-07T13:03:48","slug":"dissemination","status":"publish","type":"page","link":"https:\/\/opc-paisagem.pt\/en\/dissemination\/","title":{"rendered":"Dissemination"},"content":{"rendered":"<div id='av_section_1'  class='avia-section main_color avia-section-default avia-no-border-styling  avia-full-stretch avia-bg-style-scroll  avia-builder-el-0  el_before_av_section  avia-builder-el-first   av-minimum-height av-minimum-height-custom  container_wrap fullsize' style='background-repeat: no-repeat; background-image: url(https:\/\/opc-paisagem.pt\/wp-content\/uploads\/2018\/10\/divulgacao-topo.jpg);background-attachment: scroll; background-position: center center;  '  data-section-bg-repeat='stretch'><div class='container' style='height:250px'><main  role=\"main\" itemprop=\"mainContentOfPage\"  class='template-page content  av-content-full alpha units'><div class='post-entry post-entry-type-page post-entry-109'><div class='entry-content-wrapper clearfix'>\n<div class=\"flex_column av_one_fifth  flex_column_div av-zero-column-padding first  avia-builder-el-1  el_before_av_three_fifth  avia-builder-el-first  \" style='border-radius:0px; '><\/div><div class=\"flex_column av_three_fifth  flex_column_div av-zero-column-padding   avia-builder-el-2  el_after_av_one_fifth  el_before_av_one_fifth  \" style='border-radius:0px; '><\/div><div class=\"flex_column av_one_fifth  flex_column_div av-zero-column-padding   avia-builder-el-3  el_after_av_three_fifth  avia-builder-el-last  \" style='border-radius:0px; '><\/div>\n\n<\/div><\/div><\/main><!-- close content main element --><\/div><\/div><div id='av_section_2'  class='avia-section main_color avia-section-default avia-no-border-styling  avia-bg-style-scroll  avia-builder-el-4  el_after_av_section  avia-builder-el-last   container_wrap fullsize' style=' '  ><div class='container' ><div class='template-page content  av-content-full alpha units'><div class='post-entry post-entry-type-page post-entry-109'><div class='entry-content-wrapper clearfix'>\n<div class=\"flex_column av_one_fifth  flex_column_div av-zero-column-padding first  avia-builder-el-5  el_before_av_three_fifth  avia-builder-el-first  \" style='border-radius:0px; '><\/div><div class=\"flex_column av_three_fifth  flex_column_div av-zero-column-padding   avia-builder-el-6  el_after_av_one_fifth  el_before_av_one_fifth  \" style='border-radius:0px; '><p><div  style='padding-bottom:10px; font-size:3vw;' class='av-special-heading av-special-heading-h3 meta-heading blockquote modern-quote  avia-builder-el-7  el_before_av_hr  avia-builder-el-first  av-inherit-size '><h3 class='av-special-heading-tag '  itemprop=\"headline\"  >Dissemination<\/h3><div class='special-heading-border'><div class='special-heading-inner-border' ><\/div><\/div><\/div><br \/>\n<div  style='height:35px' class='hr hr-invisible   avia-builder-el-8  el_after_av_heading  el_before_av_textblock '><span class='hr-inner ' ><span class='hr-inner-style'><\/span><\/span><\/div><br \/>\n<section class=\"av_textblock_section \"  itemscope=\"itemscope\" itemtype=\"https:\/\/schema.org\/CreativeWork\" ><div class='avia_textblock  '   itemprop=\"text\" ><h4><strong>Publications<\/strong><\/h4>\n<p>Maria Gra\u00e7a Saraiva, Isabel Loupa-Ramos, F\u00e1tima Bernardo 2017. Avaliar paisagens e sua identidade \u2013 Observat\u00f3rio(s) como resposta metodol\u00f3gica? In Fidalgo, P. (Coord.) 2017, Estudos de Paisagem, Volume III:276-293, Instituto de Hist\u00f3ria Contempor\u00e2nea da FCSH, UL, Lisboa. ISBN 978-972-96844-8-7.<\/p>\n<p>Maria Gra\u00e7a Saraiva, Isabel Loupa-Ramos, Veerle Van Eetvelde 2017. Towards a Local Landscape Observatory in a Montado Landscape. Which Dimensions to Explore? Uniscape en-Route, Vol. 2(5):37-42. ISSN 2281-3195.<\/p>\n<p><a href=\"http:\/\/www.peresala.cat\/wp-content\/uploads\/UNISCAPE-EN-ROUTE-n-2.pdf\" target=\"_blank\" rel=\"noopener noreferrer\">http:\/\/www.peresala.cat\/wp-content\/uploads\/UNISCAPE-EN-ROUTE-n-2.pdf<\/a><\/p>\n<h4><strong>Reports<\/strong><\/h4>\n<p>Veerle Van Eetvelde (org.) 2017. Charneca Chamusca Insights. Towards a Landscape Observatory, 1<sup>st<\/sup>\u00a0edition, 25-30 april 2017.<\/p>\n<p>Veerle Van Eetvelde (org.) 2018. Charneca Chamusca Insights. Progressing in the Landscape Observatory, 1<sup>2nd<\/sup>\u00a0edition, 24-28 april 2018.<\/p>\n<h4><strong>News<\/strong><\/h4>\n<p>Report from O Mirante newspaper, April 2018:<\/p>\n<p><a href=\"https:\/\/omirante.pt\/omirantetv\/2018-04-25-A-paisagem-como-patrimonio-da-charneca-ribatejana\">https:\/\/omirante.pt\/omirantetv\/2018-04-25-A-paisagem-como-patrimonio-da-charneca-ribatejana<\/a><\/p>\n<\/div><\/section><\/p><\/div><div class=\"flex_column av_one_fifth  flex_column_div av-zero-column-padding   avia-builder-el-10  el_after_av_three_fifth  avia-builder-el-last  \" style='border-radius:0px; '><\/div>\n","protected":false},"excerpt":{"rendered":"","protected":false},"author":1,"featured_media":0,"parent":0,"menu_order":0,"comment_status":"closed","ping_status":"closed","template":"","meta":{"inline_featured_image":false,"footnotes":""},"class_list":["post-109","page","type-page","status-publish","hentry"],"_links":{"self":[{"href":"https:\/\/opc-paisagem.pt\/en\/wp-json\/wp\/v2\/pages\/109","targetHints":{"allow":["GET"]}}],"collection":[{"href":"https:\/\/opc-paisagem.pt\/en\/wp-json\/wp\/v2\/pages"}],"about":[{"href":"https:\/\/opc-paisagem.pt\/en\/wp-json\/wp\/v2\/types\/page"}],"author":[{"embeddable":true,"href":"https:\/\/opc-paisagem.pt\/en\/wp-json\/wp\/v2\/users\/1"}],"replies":[{"embeddable":true,"href":"https:\/\/opc-paisagem.pt\/en\/wp-json\/wp\/v2\/comments?post=109"}],"version-history":[{"count":1,"href":"https:\/\/opc-paisagem.pt\/en\/wp-json\/wp\/v2\/pages\/109\/revisions"}],"predecessor-version":[{"id":110,"href":"https:\/\/opc-paisagem.pt\/en\/wp-json\/wp\/v2\/pages\/109\/revisions\/110"}],"wp:attachment":[{"href":"https:\/\/opc-paisagem.pt\/en\/wp-json\/wp\/v2\/media?parent=109"}],"curies":[{"name":"wp","href":"https:\/\/api.w.org\/{rel}","templated":true}]}}