{"id":107,"date":"2019-04-07T13:01:47","date_gmt":"2019-04-07T13:01:47","guid":{"rendered":"https:\/\/opc-paisagem.pt\/activities\/"},"modified":"2019-04-07T13:01:48","modified_gmt":"2019-04-07T13:01:48","slug":"activities","status":"publish","type":"page","link":"https:\/\/opc-paisagem.pt\/en\/activities\/","title":{"rendered":"Activities"},"content":{"rendered":"<div id='av_section_1'  class='avia-section main_color avia-section-default avia-no-border-styling  avia-full-stretch avia-bg-style-scroll  avia-builder-el-0  el_before_av_section  avia-builder-el-first   av-minimum-height av-minimum-height-custom  container_wrap fullsize' style='background-repeat: no-repeat; background-image: url(https:\/\/opc-paisagem.pt\/wp-content\/uploads\/2018\/10\/actividade-topo.jpg);background-attachment: scroll; background-position: center center;  '  data-section-bg-repeat='stretch'><div class='container' style='height:250px'><main  role=\"main\" itemprop=\"mainContentOfPage\"  class='template-page content  av-content-full alpha units'><div class='post-entry post-entry-type-page post-entry-107'><div class='entry-content-wrapper clearfix'>\n<div class=\"flex_column av_one_fifth  flex_column_div av-zero-column-padding first  avia-builder-el-1  el_before_av_three_fifth  avia-builder-el-first  \" style='border-radius:0px; '><\/div><div class=\"flex_column av_three_fifth  flex_column_div av-zero-column-padding   avia-builder-el-2  el_after_av_one_fifth  el_before_av_one_fifth  \" style='border-radius:0px; '><\/div><div class=\"flex_column av_one_fifth  flex_column_div av-zero-column-padding   avia-builder-el-3  el_after_av_three_fifth  avia-builder-el-last  \" style='border-radius:0px; '><\/div>\n\n<\/div><\/div><\/main><!-- close content main element --><\/div><\/div><div id='av_section_2'  class='avia-section main_color avia-section-default avia-no-border-styling  avia-bg-style-scroll  avia-builder-el-4  el_after_av_section  avia-builder-el-last   container_wrap fullsize' style=' '  ><div class='container' ><div class='template-page content  av-content-full alpha units'><div class='post-entry post-entry-type-page post-entry-107'><div class='entry-content-wrapper clearfix'>\n<div class=\"flex_column av_one_fifth  flex_column_div av-zero-column-padding first  avia-builder-el-5  el_before_av_three_fifth  avia-builder-el-first  \" style='border-radius:0px; '><\/div><div class=\"flex_column av_three_fifth  flex_column_div av-zero-column-padding   avia-builder-el-6  el_after_av_one_fifth  el_before_av_one_fifth  \" style='border-radius:0px; '><p><div  style='padding-bottom:10px; font-size:3vw;' class='av-special-heading av-special-heading-h3 meta-heading blockquote modern-quote  avia-builder-el-7  el_before_av_hr  avia-builder-el-first  av-inherit-size '><h3 class='av-special-heading-tag '  itemprop=\"headline\"  >Activities<\/h3><div class='special-heading-border'><div class='special-heading-inner-border' ><\/div><\/div><\/div><br \/>\n<div  style='height:35px' class='hr hr-invisible   avia-builder-el-8  el_after_av_heading  el_before_av_textblock '><span class='hr-inner ' ><span class='hr-inner-style'><\/span><\/span><\/div><br \/>\n<section class=\"av_textblock_section \"  itemscope=\"itemscope\" itemtype=\"https:\/\/schema.org\/CreativeWork\" ><div class='avia_textblock  '   itemprop=\"text\" ><h4><strong>Participation in meetings<\/strong><\/h4>\n<p>\u2013 Internation congress \u201cO Montado no desenvolvimento rural do Sudoeste Peninsular\u201d, Ponte de Sor \u2013 Coruche, 21-22 de September 2018.<\/p>\n<p>\u2013 1st Ibero-American Congress on Landscape Studies, 5-6 April 2018, Sintra.<\/p>\n<p>\u2013 IALE 2017 European Congress: From pattern and process to people and action, Ghent, 12-15 September 2017.<\/p>\n<p>\u2013 Conference on Culture, Sustainability, and Place: Innovative Approaches for Tourism Development, 11-13 October 2017, Ponta Delgada, S\u00e3o Miguel, A\u00e7ores.<\/p>\n<p>\u2013 I Col\u00f3quio Ib\u00e9rico de Paisagem: O estudo e a constru\u00e7\u00e3o da Paisagem como problema metodol\u00f3gico, FCG, Lisboa, 16-17 March 2017.<\/p>\n<p>\u2013 International Conference on Landscape Observatories Amersfoort, The Netherlands, 9-10 february 2017, UNISCAPE e CIVILSCAPE.<\/p>\n<p>\u2013 World Congress Silvo-Pastoral Systems 2016, Silvo-Pastoral Systems in a changing world: functions, management and people, \u00c9vora, 27-30 September 2016.<\/p>\n<h4><strong>Study visits<\/strong><\/h4>\n<p>Practical work of Environmental Engineering Msc. students from IST-UTL (2017 and 2018)<\/p>\n<p>Study visits for students and professors of Geography from Ghent University (2014-2018)<\/p>\n<p>Study visits for students and professors of Landscape Architecture from ISA-UTL (2018)<\/p>\n<p>Study visits for students and professors of Mediterranean Agro-silvo-pastoral Msc. from IP Santar\u00e9m (2018)<\/p>\n<h4><strong>Workshops<\/strong><\/h4>\n<p>Soulscapes Conference, APEP (2018)<br \/>\nNature sketching course residency, Nextart (2018)<\/p>\n<p>Technical\/scientific meeting to prepare the Recollecting Landscapes project \u2013 with the collaboration of the Norwegian Institute of Bioeconomy Research (NIBIO), the Muncipality of Chamusca and the IP of Tomar (2018)<\/p>\n<p>Workshops \u2018A Charneca Ribatejana como inspira\u00e7\u00e3o art\u00edstica\u2019 (2010-2015)<\/p>\n<h4><strong>Educational visits<\/strong><\/h4>\n<p>Chouto\u2019s kindergarde (2015)<\/p>\n<\/div><\/section><\/p><\/div><div class=\"flex_column av_one_fifth  flex_column_div av-zero-column-padding   avia-builder-el-10  el_after_av_three_fifth  avia-builder-el-last  \" style='border-radius:0px; '><\/div>\n","protected":false},"excerpt":{"rendered":"","protected":false},"author":1,"featured_media":0,"parent":0,"menu_order":0,"comment_status":"closed","ping_status":"closed","template":"","meta":{"inline_featured_image":false,"footnotes":""},"class_list":["post-107","page","type-page","status-publish","hentry"],"_links":{"self":[{"href":"https:\/\/opc-paisagem.pt\/en\/wp-json\/wp\/v2\/pages\/107","targetHints":{"allow":["GET"]}}],"collection":[{"href":"https:\/\/opc-paisagem.pt\/en\/wp-json\/wp\/v2\/pages"}],"about":[{"href":"https:\/\/opc-paisagem.pt\/en\/wp-json\/wp\/v2\/types\/page"}],"author":[{"embeddable":true,"href":"https:\/\/opc-paisagem.pt\/en\/wp-json\/wp\/v2\/users\/1"}],"replies":[{"embeddable":true,"href":"https:\/\/opc-paisagem.pt\/en\/wp-json\/wp\/v2\/comments?post=107"}],"version-history":[{"count":1,"href":"https:\/\/opc-paisagem.pt\/en\/wp-json\/wp\/v2\/pages\/107\/revisions"}],"predecessor-version":[{"id":108,"href":"https:\/\/opc-paisagem.pt\/en\/wp-json\/wp\/v2\/pages\/107\/revisions\/108"}],"wp:attachment":[{"href":"https:\/\/opc-paisagem.pt\/en\/wp-json\/wp\/v2\/media?parent=107"}],"curies":[{"name":"wp","href":"https:\/\/api.w.org\/{rel}","templated":true}]}}