{"id":105,"date":"2019-04-07T12:57:51","date_gmt":"2019-04-07T12:57:51","guid":{"rendered":"https:\/\/opc-paisagem.pt\/who-we-are\/"},"modified":"2019-04-07T13:12:48","modified_gmt":"2019-04-07T13:12:48","slug":"who-we-are","status":"publish","type":"page","link":"https:\/\/opc-paisagem.pt\/en\/who-we-are\/","title":{"rendered":"Who we are"},"content":{"rendered":"<div id='av_section_1'  class='avia-section main_color avia-section-default avia-no-border-styling  avia-full-stretch avia-bg-style-scroll  avia-builder-el-0  el_before_av_section  avia-builder-el-first   av-minimum-height av-minimum-height-custom  container_wrap fullsize' style='background-repeat: no-repeat; background-image: url(https:\/\/opc-paisagem.pt\/wp-content\/uploads\/2018\/10\/quem-somos-topo.jpg);background-attachment: scroll; background-position: center center;  '  data-section-bg-repeat='stretch'><div class='container' style='height:250px'><main  role=\"main\" itemprop=\"mainContentOfPage\"  class='template-page content  av-content-full alpha units'><div class='post-entry post-entry-type-page post-entry-105'><div class='entry-content-wrapper clearfix'>\n<div class=\"flex_column av_one_fifth  flex_column_div av-zero-column-padding first  avia-builder-el-1  el_before_av_three_fifth  avia-builder-el-first  \" style='border-radius:0px; '><\/div><div class=\"flex_column av_three_fifth  flex_column_div av-zero-column-padding   avia-builder-el-2  el_after_av_one_fifth  el_before_av_one_fifth  \" style='border-radius:0px; '><\/div><div class=\"flex_column av_one_fifth  flex_column_div av-zero-column-padding   avia-builder-el-3  el_after_av_three_fifth  avia-builder-el-last  \" style='border-radius:0px; '><\/div><\/div><\/div><\/main><!-- close content main element --><\/div><\/div><div id='av_section_2'  class='avia-section main_color avia-section-default avia-no-border-styling  avia-bg-style-scroll  avia-builder-el-4  el_after_av_section  avia-builder-el-last   container_wrap fullsize' style=' '  ><div class='container' ><div class='template-page content  av-content-full alpha units'><div class='post-entry post-entry-type-page post-entry-105'><div class='entry-content-wrapper clearfix'>\n<div class=\"flex_column av_one_fifth  flex_column_div av-zero-column-padding first  avia-builder-el-5  el_before_av_three_fifth  avia-builder-el-first  \" style='border-radius:0px; '><\/div><div class=\"flex_column av_three_fifth  flex_column_div av-zero-column-padding   avia-builder-el-6  el_after_av_one_fifth  el_before_av_one_fifth  \" style='border-radius:0px; '><p><div  style='padding-bottom:10px; font-size:3vw;' class='av-special-heading av-special-heading-h3 meta-heading blockquote modern-quote  avia-builder-el-7  el_before_av_hr  avia-builder-el-first  av-inherit-size '><h3 class='av-special-heading-tag '  itemprop=\"headline\"  >Who we are<\/h3><div class='special-heading-border'><div class='special-heading-inner-border' ><\/div><\/div><\/div><br \/>\n<div  style='height:35px' class='hr hr-invisible   avia-builder-el-8  el_after_av_heading  el_before_av_textblock '><span class='hr-inner ' ><span class='hr-inner-style'><\/span><\/span><\/div><br \/>\n<section class=\"av_textblock_section \"  itemscope=\"itemscope\" itemtype=\"https:\/\/schema.org\/CreativeWork\" ><div class='avia_textblock  '   itemprop=\"text\" ><h4><strong>WHY A LANDSCAPE OBSERVATORY?<\/strong><\/h4>\n<p>Landscape is increasingly being recognized by people and institutions responsible for their management as a natural and cultural value related to the identity of communities, representing an interaction between society and nature over time.<br \/>\nThe European Landscape Convention (ELC), established in Florence in 2000 by the European Council and ratified by Portugal in 2005, considers \u201clandscape\u201d as a part of the territory, such as perceived by people, whose character is the result of the action and interaction of natural and human factors\u201d, and sets as objectives the promotion of its protection, planning and management. The European Council recommends the creation of networks, centres and fora with the aim of collecting, exchanging and enhancing the information related to landscape, thus promoting the knowledge and participation of the involved communities. This has led to the concept of Landscape Observatory (LO), which is being developed in several countries and that has inspired the Charneca Landscape Observatory.<\/p>\n<h4><strong>WHO WE ARE<\/strong><\/h4>\n<p>OBSERVAT\u00d3RIO DA PAISAGEM DA CHARNECA, Associa\u00e7\u00e3o, is a not-for-profit organization created in August 2018, registration nr. 515 032 999. It has its headquarters at the Observat\u00f3rio da Charneca, in Casal do Gavi\u00e3o, Gavi\u00e3ozinho, 2140-255 Chouto, municipality of Chamusca.<\/p>\n<h4><strong>AIMS OF THE ASSOCIATION<\/strong><\/h4>\n<ul>\n<li>To promote the knowledge of the Charneca do Tejo landscape and its dissemination;<\/li>\n<li>To promote communication among people and organizations interested in topics related to the Charneca do Tejo landscape; promote activities directed to its members and the general public, which aim to create and develop participation actions and experiences based on the landscape, the cultural heritage and territorial identities;<\/li>\n<li>To collaborate with public and private organizations on common goals, hence free to celebrate agreements, consortia and other similar consented association of interests;<\/li>\n<li>To establish exchange and partnerships with national and international organizations with the aim of promoting the exchange of experiences and the coproduction of technical and scientific knowledge in the domains of landscape, local and regional development and the sustainable management of natural resources;<\/li>\n<li>\u2022\tTo contribute to increase the awareness of the civil society regarding the value of landscape and its transformations.<\/li>\n<\/ul>\n<h4><strong>GOVERNING BODIES<\/strong><\/h4>\n<p><strong>Board of Directors<\/strong><\/p>\n<ul>\n<li>President &#8211; Maria da Gra\u00e7a Amaral Neto Saraiva<\/li>\n<li>Vice-President \u2013 Isabel Loupa Ramos<\/li>\n<li>Director \u2013 Carlos Pinto Coelho Amaral Netto<\/li>\n<\/ul>\n<p><strong>General meeting<\/strong><\/p>\n<ul>\n<li>President \u2013Jo\u00e3o Carlos Dur\u00e3o Lopes Saraiva<\/li>\n<li>Secretary \u2013 Carlos Jos\u00e9 Egreja Morais<\/li>\n<li>Member \u2013 Carlos Frederico Abecassis Amaral Netto<\/li>\n<\/ul>\n<p><strong>Audit Board<\/strong><\/p>\n<ul>\n<li>President \u2013 Jo\u00e3o Carlos Magalh\u00e3es do Amaral Neto,<\/li>\n<li>Member \u2013 Maria Helena Martins Alves<\/li>\n<li>Member \u2013 Roberto Rafael Dias Martins<\/li>\n<\/ul>\n<\/div><\/section><\/p><\/div><div class=\"flex_column av_one_fifth  flex_column_div av-zero-column-padding   avia-builder-el-10  el_after_av_three_fifth  avia-builder-el-last  \" style='border-radius:0px; '><\/div><\/p>\n","protected":false},"excerpt":{"rendered":"","protected":false},"author":1,"featured_media":0,"parent":0,"menu_order":0,"comment_status":"closed","ping_status":"closed","template":"","meta":{"inline_featured_image":false,"footnotes":""},"class_list":["post-105","page","type-page","status-publish","hentry"],"_links":{"self":[{"href":"https:\/\/opc-paisagem.pt\/en\/wp-json\/wp\/v2\/pages\/105","targetHints":{"allow":["GET"]}}],"collection":[{"href":"https:\/\/opc-paisagem.pt\/en\/wp-json\/wp\/v2\/pages"}],"about":[{"href":"https:\/\/opc-paisagem.pt\/en\/wp-json\/wp\/v2\/types\/page"}],"author":[{"embeddable":true,"href":"https:\/\/opc-paisagem.pt\/en\/wp-json\/wp\/v2\/users\/1"}],"replies":[{"embeddable":true,"href":"https:\/\/opc-paisagem.pt\/en\/wp-json\/wp\/v2\/comments?post=105"}],"version-history":[{"count":3,"href":"https:\/\/opc-paisagem.pt\/en\/wp-json\/wp\/v2\/pages\/105\/revisions"}],"predecessor-version":[{"id":124,"href":"https:\/\/opc-paisagem.pt\/en\/wp-json\/wp\/v2\/pages\/105\/revisions\/124"}],"wp:attachment":[{"href":"https:\/\/opc-paisagem.pt\/en\/wp-json\/wp\/v2\/media?parent=105"}],"curies":[{"name":"wp","href":"https:\/\/api.w.org\/{rel}","templated":true}]}}